{"id":6016,"date":"2022-12-06T19:40:29","date_gmt":"2022-12-06T18:40:29","guid":{"rendered":"https:\/\/vester-bar.be\/?page_id=6016"},"modified":"2024-02-27T14:48:03","modified_gmt":"2024-02-27T13:48:03","slug":"welcome-to-our-new-site-in-progress","status":"publish","type":"page","link":"https:\/\/vester-bar.be\/fr\/","title":{"rendered":"Bienvenue au Vester Bar"},"content":{"rendered":"<p>Le Vester Bar est un lieu de rencontre international connu pour son ambiance d\u00e9contract\u00e9e et sa passion pour les sp\u00e9cialit\u00e9s belges et fran\u00e7aises. Situ\u00e9 au coeur du Quartier Europ\u00e9en \u00e0 Bruxelles, juste en face du Parlement Europ\u00e9en, proche du Concert Noble, c\u00e9l\u00e8bre pour ses jeudis After-work mais aussi pour ses matchs de football en direct, l'\u00e9quipe du Vester Bar est heureuse de vous accueillir pour un verre, un repas ou votre \u00e9v\u00e9nement priv\u00e9. <\/p>\n\n\n\n<p>Baby showers, f\u00eates d\u2019anniversaires, team building et \u00e9v\u00e9nements d'entreprise : la vie est pleine d'\u00e9v\u00e9nements sp\u00e9ciaux qui m\u00e9ritent d'\u00eatre c\u00e9l\u00e9br\u00e9s. Quelle que soit la raison pour laquelle vous organisez une f\u00eate - ou m\u00eame si vous n'avez aucune raison d\u2019ailleurs - nous en ferons une f\u00eate inoubliable.<\/p>\n\n\n\n<p>Nous avons une salle priv\u00e9e climatis\u00e9e disponible vous offrant confort et discr\u00e9tion. N'h\u00e9sitez pas \u00e0 nous contacter pour toute r\u00e9servation.<\/p>\n\n\n\n<p>Notre cuisine est ouverte non-stop de 11h00 \u00e0 22h00 7 jours sur 7, consultez notre menu en ligne pour nos plats signatures car \"Le meilleur endroit pour manger est l\u00e0 o\u00f9 le chef aime cuisiner\". <\/p>\n\n\n\n<p>Notre carte d\u00e9di\u00e9e au Rhum est une des plus vastes de Bruxelles et vous propose un voyage au c\u0153ur des distilleries o\u00f9 la d\u00e9gustation de rhums vieux, tr\u00e8s vieux et d'exception \u00e9veillera tous vos sens. Leur aspect visuel, leur profil olfactif et leur go\u00fbt constitue toute la richesse apport\u00e9e par l'\u00e9levage en barriques. Demandez \u00e0 notre aimable personnel le menu des rhums qui inclus une description d\u00e9taill\u00e9e de chaque rhum propos\u00e9.<\/p>\n\n\n\n<p>Nous sommes l'\u00e9tape id\u00e9ale avant de visiter le quartier europ\u00e9en, du Parlement europ\u00e9en jusqu'\u00e0 la Commission europ\u00e9enne, car nous sommes situ\u00e9s au point de d\u00e9part de la visite du quartier europ\u00e9en avec l'application web gratuite, \u00e9dit\u00e9e par le Parlement europ\u00e9en, qui vous am\u00e8ne \u00e0 d\u00e9couvrir l'un des quartiers les plus \u00e9clectiques et internationaux de Bruxelles, le Quartier Europ\u00e9en. Des guides virtuels vous raconteront des histoires sur la r\u00e9gion, ainsi que sur les \u0153uvres d'art remarquables, l'architecture moderne et les vestiges du pass\u00e9 qui la rendent unique. L'application web est disponible au lien suivant : <strong><a href=\"https:\/\/visiting.europarl.europa.eu\/fr\/visitor-offer\/brussels\/european-quarter-explorer\">European Quarter Explorer<\/a><\/strong><\/p>\n\n\n\n<hr class=\"wp-block-separator has-alpha-channel-opacity\"\/>\n\n\n\n<p><\/p>\n\n\n<div data-src=\"https:\/\/cdn.trustindex.io\/loader.js?ceca68211403129753769287eda\"><\/div>","protected":false},"excerpt":{"rendered":"<p>The Vester Bar is an international meeting place known for its relaxed atmosphere and its passion for Belgian and French specialties. Located in the heart<\/p>","protected":false},"author":1,"featured_media":0,"parent":0,"menu_order":0,"comment_status":"closed","ping_status":"closed","template":"","meta":{"_monsterinsights_skip_tracking":false,"_monsterinsights_sitenote_active":false,"_monsterinsights_sitenote_note":"","_monsterinsights_sitenote_category":0,"footnotes":""},"class_list":["post-6016","page","type-page","status-publish","hentry"],"aioseo_notices":[],"_links":{"self":[{"href":"https:\/\/vester-bar.be\/fr\/wp-json\/wp\/v2\/pages\/6016","targetHints":{"allow":["GET"]}}],"collection":[{"href":"https:\/\/vester-bar.be\/fr\/wp-json\/wp\/v2\/pages"}],"about":[{"href":"https:\/\/vester-bar.be\/fr\/wp-json\/wp\/v2\/types\/page"}],"author":[{"embeddable":true,"href":"https:\/\/vester-bar.be\/fr\/wp-json\/wp\/v2\/users\/1"}],"replies":[{"embeddable":true,"href":"https:\/\/vester-bar.be\/fr\/wp-json\/wp\/v2\/comments?post=6016"}],"version-history":[{"count":33,"href":"https:\/\/vester-bar.be\/fr\/wp-json\/wp\/v2\/pages\/6016\/revisions"}],"predecessor-version":[{"id":7807,"href":"https:\/\/vester-bar.be\/fr\/wp-json\/wp\/v2\/pages\/6016\/revisions\/7807"}],"wp:attachment":[{"href":"https:\/\/vester-bar.be\/fr\/wp-json\/wp\/v2\/media?parent=6016"}],"curies":[{"name":"wp","href":"https:\/\/api.w.org\/{rel}","templated":true}]}}